{"id":2938,"date":"2020-10-25T22:29:42","date_gmt":"2020-10-25T22:29:42","guid":{"rendered":"https:\/\/xchange.co.il\/special-apartments\/"},"modified":"2021-01-21T13:06:26","modified_gmt":"2021-01-21T13:06:26","slug":"special-apartments","status":"publish","type":"page","link":"https:\/\/xchange.co.il\/fr\/special-apartments\/","title":{"rendered":"Appartements particuliers"},"content":{"rendered":"\t\t<div data-elementor-type=\"wp-page\" data-elementor-id=\"2938\" class=\"elementor elementor-2938 elementor-267\">\n\t\t\t\t\t\t<section class=\"elementor-section elementor-top-section elementor-element elementor-element-5686891 elementor-section-full_width elementor-section-height-full elementor-section-items-stretch elementor-section-height-default\" data-id=\"5686891\" data-element_type=\"section\">\n\t\t\t\t\t\t<div class=\"elementor-container elementor-column-gap-no\">\n\t\t\t\t\t<div class=\"elementor-column elementor-col-100 elementor-top-column elementor-element elementor-element-37fc612\" data-id=\"37fc612\" data-element_type=\"column\">\n\t\t\t<div class=\"elementor-widget-wrap elementor-element-populated\">\n\t\t\t\t\t\t<div class=\"elementor-element elementor-element-637a940 centered-title elementor-widget__width-initial elementor-absolute elementor-hidden-tablet elementor-hidden-phone elementor-invisible elementor-widget elementor-widget-text-editor\" data-id=\"637a940\" data-element_type=\"widget\" data-settings=\"{&quot;_animation&quot;:&quot;fadeInUp&quot;,&quot;_position&quot;:&quot;absolute&quot;}\" data-widget_type=\"text-editor.default\">\n\t\t\t\t<div class=\"elementor-widget-container\">\n\t\t\t\t\t\t\t<p>BIENT\u00d4T E<img decoding=\"async\" class=\"alignnone size-full wp-image-572\" style=\"max-width: 35.5px;\" src=\"https:\/\/xchange.co.il\/wp-content\/uploads\/2020\/10\/x-big.svg\" alt=\"\" \/>CHANGE PREMIUM<\/p>\t\t\t\t\t\t<\/div>\n\t\t\t\t<\/div>\n\t\t\t\t<div class=\"elementor-element elementor-element-c6fb752 centered-title elementor-widget__width-initial elementor-absolute elementor-hidden-desktop elementor-hidden-tablet elementor-invisible elementor-widget elementor-widget-text-editor\" data-id=\"c6fb752\" data-element_type=\"widget\" data-settings=\"{&quot;_animation&quot;:&quot;fadeInUp&quot;,&quot;_position&quot;:&quot;absolute&quot;}\" data-widget_type=\"text-editor.default\">\n\t\t\t\t<div class=\"elementor-widget-container\">\n\t\t\t\t\t\t\t<p>BIENT\u00d4T E<img decoding=\"async\" class=\"alignnone size-full wp-image-572\" style=\"max-width: 22.5px;\" src=\"https:\/\/xchange.co.il\/wp-content\/uploads\/2020\/10\/x-big.svg\" alt=\"\" \/>CHANGE PREMIUM<\/p>\t\t\t\t\t\t<\/div>\n\t\t\t\t<\/div>\n\t\t\t\t<div class=\"elementor-element elementor-element-439dcfc centered-title elementor-widget__width-initial elementor-absolute elementor-hidden-desktop elementor-hidden-phone elementor-invisible elementor-widget elementor-widget-text-editor\" data-id=\"439dcfc\" data-element_type=\"widget\" data-settings=\"{&quot;_animation&quot;:&quot;fadeInUp&quot;,&quot;_position&quot;:&quot;absolute&quot;}\" data-widget_type=\"text-editor.default\">\n\t\t\t\t<div class=\"elementor-widget-container\">\n\t\t\t\t\t\t\t<p>BIENT\u00d4T E<img decoding=\"async\" class=\"alignnone size-full wp-image-572\" style=\"max-width: 35.5px;\" src=\"https:\/\/xchange.co.il\/wp-content\/uploads\/2020\/10\/x-big.svg\" alt=\"\" \/>CHANGE PREMIUM<\/p>\t\t\t\t\t\t<\/div>\n\t\t\t\t<\/div>\n\t\t\t\t<div class=\"elementor-element elementor-element-1330452 fullPage-slider elementor--h-position-center elementor--v-position-middle elementor-pagination-position-inside elementor-widget elementor-widget-slides\" data-id=\"1330452\" data-element_type=\"widget\" data-settings=\"{&quot;navigation&quot;:&quot;dots&quot;,&quot;autoplay&quot;:&quot;yes&quot;,&quot;autoplay_speed&quot;:5000,&quot;infinite&quot;:&quot;yes&quot;,&quot;transition&quot;:&quot;slide&quot;,&quot;transition_speed&quot;:500}\" data-widget_type=\"slides.default\">\n\t\t\t\t<div class=\"elementor-widget-container\">\n\t\t\t\t\t<div class=\"elementor-swiper\">\n\t\t\t<div class=\"elementor-slides-wrapper elementor-main-swiper swiper-container\" dir=\"ltr\" data-animation=\"fadeInUp\">\n\t\t\t\t<div class=\"swiper-wrapper elementor-slides\">\n\t\t\t\t\t\t\t\t\t\t<div class=\"elementor-repeater-item-c47f2e6 swiper-slide\"><div class=\"swiper-slide-bg\"><\/div><div class=\"swiper-slide-inner\" ><div class=\"swiper-slide-contents\"><\/div><\/div><\/div><div class=\"elementor-repeater-item-37f8e59 swiper-slide\"><div class=\"swiper-slide-bg\"><\/div><div class=\"swiper-slide-inner\" ><div class=\"swiper-slide-contents\"><\/div><\/div><\/div>\t\t\t\t<\/div>\n\t\t\t\t\t\t\t\t\t\t\t\t\t\t\t<div class=\"swiper-pagination\"><\/div>\n\t\t\t\t\t\t\t\t\t\t\t\t\t\t\t\t\t<\/div>\n\t\t<\/div>\n\t\t\t\t<\/div>\n\t\t\t\t<\/div>\n\t\t\t\t\t<\/div>\n\t\t<\/div>\n\t\t\t\t\t<\/div>\n\t\t<\/section>\n\t\t\t\t<\/div>\n\t\t","protected":false},"excerpt":{"rendered":"<p>BIENT\u00d4T ECHANGE PREMIUM BIENT\u00d4T ECHANGE PREMIUM BIENT\u00d4T ECHANGE PREMIUM<\/p>\n","protected":false},"author":1,"featured_media":0,"parent":0,"menu_order":0,"comment_status":"closed","ping_status":"closed","template":"","meta":{"footnotes":""},"yoast_head":"<!-- This site is optimized with the Yoast SEO plugin v22.2 - https:\/\/yoast.com\/wordpress\/plugins\/seo\/ -->\n<title>Appartements particuliers - EXCHANGE RAMAT GAN<\/title>\n<meta name=\"robots\" content=\"index, follow, max-snippet:-1, max-image-preview:large, max-video-preview:-1\" \/>\n<link rel=\"canonical\" href=\"https:\/\/xchange.co.il\/fr\/special-apartments\/\" \/>\n<meta property=\"og:locale\" content=\"fr_FR\" \/>\n<meta property=\"og:type\" content=\"article\" \/>\n<meta property=\"og:title\" content=\"Appartements particuliers - EXCHANGE RAMAT GAN\" \/>\n<meta property=\"og:description\" content=\"BIENT\u00d4T ECHANGE PREMIUM BIENT\u00d4T ECHANGE PREMIUM BIENT\u00d4T ECHANGE PREMIUM\" \/>\n<meta property=\"og:url\" content=\"https:\/\/xchange.co.il\/fr\/special-apartments\/\" \/>\n<meta property=\"og:site_name\" content=\"EXCHANGE RAMAT GAN\" \/>\n<meta property=\"article:modified_time\" content=\"2021-01-21T13:06:26+00:00\" \/>\n<meta property=\"og:image\" content=\"https:\/\/xchange.co.il\/wp-content\/uploads\/2020\/10\/x-big.svg\" \/>\n<meta name=\"twitter:card\" content=\"summary_large_image\" \/>\n<meta name=\"twitter:label1\" content=\"Dur\u00e9e de lecture estim\u00e9e\" \/>\n\t<meta name=\"twitter:data1\" content=\"1 minute\" \/>\n<script type=\"application\/ld+json\" class=\"yoast-schema-graph\">{\"@context\":\"https:\/\/schema.org\",\"@graph\":[{\"@type\":\"WebPage\",\"@id\":\"https:\/\/xchange.co.il\/fr\/special-apartments\/\",\"url\":\"https:\/\/xchange.co.il\/fr\/special-apartments\/\",\"name\":\"Appartements particuliers - EXCHANGE RAMAT GAN\",\"isPartOf\":{\"@id\":\"https:\/\/xchange.co.il\/#website\"},\"primaryImageOfPage\":{\"@id\":\"https:\/\/xchange.co.il\/fr\/special-apartments\/#primaryimage\"},\"image\":{\"@id\":\"https:\/\/xchange.co.il\/fr\/special-apartments\/#primaryimage\"},\"thumbnailUrl\":\"https:\/\/xchange.co.il\/wp-content\/uploads\/2020\/10\/x-big.svg\",\"datePublished\":\"2020-10-25T22:29:42+00:00\",\"dateModified\":\"2021-01-21T13:06:26+00:00\",\"breadcrumb\":{\"@id\":\"https:\/\/xchange.co.il\/fr\/special-apartments\/#breadcrumb\"},\"inLanguage\":\"fr-FR\",\"potentialAction\":[{\"@type\":\"ReadAction\",\"target\":[\"https:\/\/xchange.co.il\/fr\/special-apartments\/\"]}]},{\"@type\":\"ImageObject\",\"inLanguage\":\"fr-FR\",\"@id\":\"https:\/\/xchange.co.il\/fr\/special-apartments\/#primaryimage\",\"url\":\"https:\/\/xchange.co.il\/wp-content\/uploads\/2020\/10\/x-big.svg\",\"contentUrl\":\"https:\/\/xchange.co.il\/wp-content\/uploads\/2020\/10\/x-big.svg\"},{\"@type\":\"BreadcrumbList\",\"@id\":\"https:\/\/xchange.co.il\/fr\/special-apartments\/#breadcrumb\",\"itemListElement\":[{\"@type\":\"ListItem\",\"position\":1,\"name\":\"\u05d3\u05e3 \u05d4\u05d1\u05d9\u05ea\",\"item\":\"https:\/\/xchange.co.il\/fr\/home-page\/\"},{\"@type\":\"ListItem\",\"position\":2,\"name\":\"Appartements particuliers\"}]},{\"@type\":\"WebSite\",\"@id\":\"https:\/\/xchange.co.il\/#website\",\"url\":\"https:\/\/xchange.co.il\/\",\"name\":\"EXCHANGE RAMAT GAN\",\"description\":\"\u05de\u05ea\u05d7\u05dd \u05d4\u05d1\u05d5\u05e8\u05e1\u05d4 \u05d4\u05d7\u05d3\u05e9 \u05e2\u05d5\u05de\u05d3 \u05dc\u05e9\u05e0\u05d5\u05ea \u05d0\u05ea \u05d7\u05d9\u05d9\u05db\u05dd\",\"potentialAction\":[{\"@type\":\"SearchAction\",\"target\":{\"@type\":\"EntryPoint\",\"urlTemplate\":\"https:\/\/xchange.co.il\/?s={search_term_string}\"},\"query-input\":\"required name=search_term_string\"}],\"inLanguage\":\"fr-FR\"}]}<\/script>\n<!-- \/ Yoast SEO plugin. -->","yoast_head_json":{"title":"Appartements particuliers - EXCHANGE RAMAT GAN","robots":{"index":"index","follow":"follow","max-snippet":"max-snippet:-1","max-image-preview":"max-image-preview:large","max-video-preview":"max-video-preview:-1"},"canonical":"https:\/\/xchange.co.il\/fr\/special-apartments\/","og_locale":"fr_FR","og_type":"article","og_title":"Appartements particuliers - EXCHANGE RAMAT GAN","og_description":"BIENT\u00d4T ECHANGE PREMIUM BIENT\u00d4T ECHANGE PREMIUM BIENT\u00d4T ECHANGE PREMIUM","og_url":"https:\/\/xchange.co.il\/fr\/special-apartments\/","og_site_name":"EXCHANGE RAMAT GAN","article_modified_time":"2021-01-21T13:06:26+00:00","og_image":[{"url":"https:\/\/xchange.co.il\/wp-content\/uploads\/2020\/10\/x-big.svg"}],"twitter_card":"summary_large_image","twitter_misc":{"Dur\u00e9e de lecture estim\u00e9e":"1 minute"},"schema":{"@context":"https:\/\/schema.org","@graph":[{"@type":"WebPage","@id":"https:\/\/xchange.co.il\/fr\/special-apartments\/","url":"https:\/\/xchange.co.il\/fr\/special-apartments\/","name":"Appartements particuliers - EXCHANGE RAMAT GAN","isPartOf":{"@id":"https:\/\/xchange.co.il\/#website"},"primaryImageOfPage":{"@id":"https:\/\/xchange.co.il\/fr\/special-apartments\/#primaryimage"},"image":{"@id":"https:\/\/xchange.co.il\/fr\/special-apartments\/#primaryimage"},"thumbnailUrl":"https:\/\/xchange.co.il\/wp-content\/uploads\/2020\/10\/x-big.svg","datePublished":"2020-10-25T22:29:42+00:00","dateModified":"2021-01-21T13:06:26+00:00","breadcrumb":{"@id":"https:\/\/xchange.co.il\/fr\/special-apartments\/#breadcrumb"},"inLanguage":"fr-FR","potentialAction":[{"@type":"ReadAction","target":["https:\/\/xchange.co.il\/fr\/special-apartments\/"]}]},{"@type":"ImageObject","inLanguage":"fr-FR","@id":"https:\/\/xchange.co.il\/fr\/special-apartments\/#primaryimage","url":"https:\/\/xchange.co.il\/wp-content\/uploads\/2020\/10\/x-big.svg","contentUrl":"https:\/\/xchange.co.il\/wp-content\/uploads\/2020\/10\/x-big.svg"},{"@type":"BreadcrumbList","@id":"https:\/\/xchange.co.il\/fr\/special-apartments\/#breadcrumb","itemListElement":[{"@type":"ListItem","position":1,"name":"\u05d3\u05e3 \u05d4\u05d1\u05d9\u05ea","item":"https:\/\/xchange.co.il\/fr\/home-page\/"},{"@type":"ListItem","position":2,"name":"Appartements particuliers"}]},{"@type":"WebSite","@id":"https:\/\/xchange.co.il\/#website","url":"https:\/\/xchange.co.il\/","name":"EXCHANGE RAMAT GAN","description":"\u05de\u05ea\u05d7\u05dd \u05d4\u05d1\u05d5\u05e8\u05e1\u05d4 \u05d4\u05d7\u05d3\u05e9 \u05e2\u05d5\u05de\u05d3 \u05dc\u05e9\u05e0\u05d5\u05ea \u05d0\u05ea \u05d7\u05d9\u05d9\u05db\u05dd","potentialAction":[{"@type":"SearchAction","target":{"@type":"EntryPoint","urlTemplate":"https:\/\/xchange.co.il\/?s={search_term_string}"},"query-input":"required name=search_term_string"}],"inLanguage":"fr-FR"}]}},"_links":{"self":[{"href":"https:\/\/xchange.co.il\/fr\/wp-json\/wp\/v2\/pages\/2938"}],"collection":[{"href":"https:\/\/xchange.co.il\/fr\/wp-json\/wp\/v2\/pages"}],"about":[{"href":"https:\/\/xchange.co.il\/fr\/wp-json\/wp\/v2\/types\/page"}],"author":[{"embeddable":true,"href":"https:\/\/xchange.co.il\/fr\/wp-json\/wp\/v2\/users\/1"}],"replies":[{"embeddable":true,"href":"https:\/\/xchange.co.il\/fr\/wp-json\/wp\/v2\/comments?post=2938"}],"version-history":[{"count":8,"href":"https:\/\/xchange.co.il\/fr\/wp-json\/wp\/v2\/pages\/2938\/revisions"}],"predecessor-version":[{"id":4955,"href":"https:\/\/xchange.co.il\/fr\/wp-json\/wp\/v2\/pages\/2938\/revisions\/4955"}],"wp:attachment":[{"href":"https:\/\/xchange.co.il\/fr\/wp-json\/wp\/v2\/media?parent=2938"}],"curies":[{"name":"wp","href":"https:\/\/api.w.org\/{rel}","templated":true}]}}