{"id":2933,"date":"2020-10-27T09:30:49","date_gmt":"2020-10-27T09:30:49","guid":{"rendered":"https:\/\/xchange.co.il\/contact\/"},"modified":"2021-01-17T18:59:55","modified_gmt":"2021-01-17T18:59:55","slug":"contactez-nous","status":"publish","type":"page","link":"https:\/\/xchange.co.il\/fr\/contactez-nous\/","title":{"rendered":"Contactez-nous"},"content":{"rendered":"\t\t<div data-elementor-type=\"wp-page\" data-elementor-id=\"2933\" class=\"elementor elementor-2933 elementor-355\">\n\t\t\t\t\t\t<section class=\"elementor-section elementor-top-section elementor-element elementor-element-d0d9872 elementor-section-full_width elementor-section-height-default elementor-section-height-default\" data-id=\"d0d9872\" data-element_type=\"section\" data-settings=\"{&quot;background_background&quot;:&quot;classic&quot;}\">\n\t\t\t\t\t\t<div class=\"elementor-container elementor-column-gap-no\">\n\t\t\t\t\t<div class=\"elementor-column elementor-col-100 elementor-top-column elementor-element elementor-element-33925dc\" data-id=\"33925dc\" data-element_type=\"column\">\n\t\t\t<div class=\"elementor-widget-wrap elementor-element-populated\">\n\t\t\t\t\t\t<section class=\"elementor-section elementor-inner-section elementor-element elementor-element-85ee78f elementor-section-full_width elementor-section-height-default elementor-section-height-default\" data-id=\"85ee78f\" data-element_type=\"section\">\n\t\t\t\t\t\t<div class=\"elementor-container elementor-column-gap-no\">\n\t\t\t\t\t<div class=\"elementor-column elementor-col-50 elementor-inner-column elementor-element elementor-element-a6ab7ca\" data-id=\"a6ab7ca\" data-element_type=\"column\" data-settings=\"{&quot;background_background&quot;:&quot;classic&quot;}\">\n\t\t\t<div class=\"elementor-widget-wrap\">\n\t\t\t\t\t\t\t<\/div>\n\t\t<\/div>\n\t\t\t\t<div class=\"elementor-column elementor-col-50 elementor-inner-column elementor-element elementor-element-cae499d\" data-id=\"cae499d\" data-element_type=\"column\" data-settings=\"{&quot;background_background&quot;:&quot;classic&quot;}\">\n\t\t\t<div class=\"elementor-widget-wrap elementor-element-populated\">\n\t\t\t\t\t\t<div class=\"elementor-element elementor-element-e47e0f2 elementor-widget elementor-widget-heading\" data-id=\"e47e0f2\" data-element_type=\"widget\" data-widget_type=\"heading.default\">\n\t\t\t\t<div class=\"elementor-widget-container\">\n\t\t\t<h2 class=\"elementor-heading-title elementor-size-default\">Le projet phare de la r\u00e9volution urbaine de Ramat Gan a \u00e9t\u00e9 cr\u00e9\u00e9 pour vous.<\/h2>\t\t<\/div>\n\t\t\t\t<\/div>\n\t\t\t\t<div class=\"elementor-element elementor-element-75ccb8d elementor-widget elementor-widget-heading\" data-id=\"75ccb8d\" data-element_type=\"widget\" data-widget_type=\"heading.default\">\n\t\t\t\t<div class=\"elementor-widget-container\">\n\t\t\t<h2 class=\"elementor-heading-title elementor-size-default\">Laissez-nous vos coordonn\u00e9es et nous serons heureux de revenir vers vous avec une proposition personnalis\u00e9e. <\/h2>\t\t<\/div>\n\t\t\t\t<\/div>\n\t\t\t\t<div class=\"elementor-element elementor-element-add444a elementor-widget elementor-widget-shortcode\" data-id=\"add444a\" data-element_type=\"widget\" data-widget_type=\"shortcode.default\">\n\t\t\t\t<div class=\"elementor-widget-container\">\n\t\t\t\t\t<div class=\"elementor-shortcode\">\n<div class=\"wpcf7 no-js\" id=\"wpcf7-f4369-o1\" lang=\"he-IL\" dir=\"rtl\">\n<div class=\"screen-reader-response\"><p role=\"status\" aria-live=\"polite\" aria-atomic=\"true\"><\/p> <ul><\/ul><\/div>\n<form action=\"\/fr\/wp-json\/wp\/v2\/pages\/2933#wpcf7-f4369-o1\" method=\"post\" class=\"wpcf7-form init\" aria-label=\"Contact form\" novalidate=\"novalidate\" data-status=\"init\">\n<div style=\"display: none;\">\n<input type=\"hidden\" name=\"_wpcf7\" value=\"4369\" \/>\n<input type=\"hidden\" name=\"_wpcf7_version\" value=\"5.9.2\" \/>\n<input type=\"hidden\" name=\"_wpcf7_locale\" value=\"he_IL\" \/>\n<input type=\"hidden\" name=\"_wpcf7_unit_tag\" value=\"wpcf7-f4369-o1\" \/>\n<input type=\"hidden\" name=\"_wpcf7_container_post\" value=\"0\" \/>\n<input type=\"hidden\" name=\"_wpcf7_posted_data_hash\" value=\"\" \/>\n<input type=\"hidden\" name=\"_wpcf7cf_hidden_group_fields\" value=\"[]\" \/>\n<input type=\"hidden\" name=\"_wpcf7cf_hidden_groups\" value=\"[]\" \/>\n<input type=\"hidden\" name=\"_wpcf7cf_visible_groups\" value=\"[]\" \/>\n<input type=\"hidden\" name=\"_wpcf7cf_repeaters\" value=\"[]\" \/>\n<input type=\"hidden\" name=\"_wpcf7cf_steps\" value=\"{}\" \/>\n<input type=\"hidden\" name=\"_wpcf7cf_options\" value=\"{&quot;form_id&quot;:4369,&quot;conditions&quot;:[{&quot;then_field&quot;:&quot;group-20&quot;,&quot;and_rules&quot;:[{&quot;if_field&quot;:&quot;radio-333&quot;,&quot;operator&quot;:&quot;equals&quot;,&quot;if_value&quot;:&quot;Bureaux \\\/ Commerce&quot;}]},{&quot;then_field&quot;:&quot;group-logo2&quot;,&quot;and_rules&quot;:[{&quot;if_field&quot;:&quot;radio-333&quot;,&quot;operator&quot;:&quot;equals&quot;,&quot;if_value&quot;:&quot;Bureaux \\\/ Commerce&quot;}]},{&quot;then_field&quot;:&quot;group-logo1&quot;,&quot;and_rules&quot;:[{&quot;if_field&quot;:&quot;radio-333&quot;,&quot;operator&quot;:&quot;equals&quot;,&quot;if_value&quot;:&quot;R\\u00e9sidence&quot;}]},{&quot;then_field&quot;:&quot;group-logo3&quot;,&quot;and_rules&quot;:[{&quot;if_field&quot;:&quot;radio-333&quot;,&quot;operator&quot;:&quot;equals&quot;,&quot;if_value&quot;:&quot;&quot;}]},{&quot;then_field&quot;:&quot;group-address&quot;,&quot;and_rules&quot;:[{&quot;if_field&quot;:&quot;radio-333&quot;,&quot;operator&quot;:&quot;equals&quot;,&quot;if_value&quot;:&quot;R\\u00e9sidence&quot;}]},{&quot;then_field&quot;:&quot;group-law1&quot;,&quot;and_rules&quot;:[{&quot;if_field&quot;:&quot;radio-333&quot;,&quot;operator&quot;:&quot;equals&quot;,&quot;if_value&quot;:&quot;R\\u00e9sidence&quot;}]},{&quot;then_field&quot;:&quot;group-law2&quot;,&quot;and_rules&quot;:[{&quot;if_field&quot;:&quot;radio-333&quot;,&quot;operator&quot;:&quot;equals&quot;,&quot;if_value&quot;:&quot;Bureaux \\\/ Commerce&quot;}]}],&quot;settings&quot;:{&quot;animation&quot;:&quot;yes&quot;,&quot;animation_intime&quot;:200,&quot;animation_outtime&quot;:200,&quot;conditions_ui&quot;:&quot;normal&quot;,&quot;notice_dismissed&quot;:false,&quot;notice_dismissed_update-cf7-5.7.2&quot;:true}}\" \/>\n<\/div>\n<p><span>Vous recherchez:<\/span><span class=\"wpcf7-form-control-wrap\" data-name=\"radio-333\"><span class=\"wpcf7-form-control wpcf7-radio\"><span class=\"wpcf7-list-item first\"><label><input type=\"radio\" name=\"radio-333\" value=\"R\u00e9sidence\" \/><span class=\"wpcf7-list-item-label\">R\u00e9sidence<\/span><\/label><\/span><span class=\"wpcf7-list-item last\"><label><input type=\"radio\" name=\"radio-333\" value=\"Bureaux \/ Commerce\" \/><span class=\"wpcf7-list-item-label\">Bureaux \/ Commerce<\/span><\/label><\/span><\/span><\/span>\n<\/p>\n<div data-id=\"group-20\" data-orig_data_id=\"group-20\"  data-class=\"wpcf7cf_group\">\n\t<p><span class=\"wpcf7-form-control-wrap\" data-name=\"checkbox-687\"><span class=\"wpcf7-form-control wpcf7-checkbox wpcf7-exclusive-checkbox\"><span class=\"wpcf7-list-item first\"><label><input type=\"checkbox\" name=\"checkbox-687\" value=\"Achat\" \/><span class=\"wpcf7-list-item-label\">Achat<\/span><\/label><\/span><span class=\"wpcf7-list-item last\"><label><input type=\"checkbox\" name=\"checkbox-687\" value=\"Location\" \/><span class=\"wpcf7-list-item-label\">Location<\/span><\/label><\/span><\/span><\/span>\n\t<\/p>\n<\/div>\n<div class=\"inline-fields\">\n\t<p><label> <span>Nom<\/span> <span class=\"wpcf7-form-control-wrap\" data-name=\"your-name\"><input size=\"40\" class=\"wpcf7-form-control wpcf7-text wpcf7-validates-as-required\" aria-required=\"true\" aria-invalid=\"false\" value=\"\" type=\"text\" name=\"your-name\" \/><\/span> <\/label>\n\t<\/p>\n\t<p><label> <span>T\u00e9l\u00e9phone<\/span> <span class=\"wpcf7-form-control-wrap\" data-name=\"your-phone\"><input size=\"40\" class=\"wpcf7-form-control wpcf7-text wpcf7-validates-as-required\" aria-required=\"true\" aria-invalid=\"false\" value=\"\" type=\"text\" name=\"your-phone\" \/><\/span> <\/label>\n\t<\/p>\n\t<p><label> <span>E-mail<\/span> <span class=\"wpcf7-form-control-wrap\" data-name=\"your-email\"><input size=\"40\" class=\"wpcf7-form-control wpcf7-email wpcf7-validates-as-required wpcf7-text wpcf7-validates-as-email\" aria-required=\"true\" aria-invalid=\"false\" value=\"\" type=\"email\" name=\"your-email\" \/><\/span> <\/label>\n\t<\/p>\n\t<p><span><\/span><input class=\"wpcf7-form-control wpcf7-submit has-spinner\" type=\"submit\" value=\"Envoi\" \/>\n\t<\/p>\n\t<div data-id=\"group-address\" data-orig_data_id=\"group-address\"  data-class=\"wpcf7cf_group\">\n\t\t<p class=\"small\">Rencontre sur rendez-vous selon les crit\u00e8res du label violet<br \/>\nTour Sapir, 37e \u00e9tage | 40 rue Tuval, Ramat Gan\n\t\t<\/p>\n\t<\/div>\n\t<div data-id=\"group-law1\" data-orig_data_id=\"group-law1\"  data-class=\"wpcf7cf_group\">\n\t\t<p class=\"extra-small\">Les images sont \u00e0 titre d'illustration uniquement. Tout ce qui y est pr\u00e9sent\u00e9, y compris mais non seulement, concernant le niveau de l'\u00e9tage de la piscine, est soumis, entre autres, \u00e0 l'obtention d'autorisations de la part des autorit\u00e9s charg\u00e9es de la planification. Le mobilier, les luminaires, les rideaux, les tapis, les appareils et les accessoires qui figurent sur les images sont \u00e0 titre d'illustration uniquement. La soci\u00e9t\u00e9 sera engag\u00e9e uniquement par ce qui sera stipul\u00e9 dans le contrat de vente qui sera sign\u00e9 avec ses annexes y compris les sp\u00e9cifications techniques et les plans, conform\u00e9ment \u00e0 ce qui en d\u00e9coule. Tout ce qui est pr\u00e9sent\u00e9 concernant la tour de bureaux et les surfaces commerciales n'est pas propri\u00e9t\u00e9 de la soci\u00e9t\u00e9 et n'est pas sous son contr\u00f4le. La ligne rouge du tramway qui figure sur une partie des images le long de la rue Jabotinsky est pr\u00e9vue pour \u00eatre souterraine \u00e0 cet endroit.\n\t\t<\/p>\n\t<\/div>\n\t<div data-id=\"group-law2\" data-orig_data_id=\"group-law2\"  data-class=\"wpcf7cf_group\">\n\t\t<p class=\"extra-small\"><br \/>\nLes images sont \u00e0 titre d'illustration uniquement, peuvent \u00eatre modifi\u00e9es et sont soumises \u00e0 l'obtention d'autorisations de la part des autorit\u00e9s charg\u00e9es de la planification. Il est pr\u00e9cis\u00e9 que la soci\u00e9t\u00e9 sera engag\u00e9e uniquement par ce qui sera stipul\u00e9 dans le contrat de location qui sera sign\u00e9, avec ses annexes. Tout ce qui est pr\u00e9sent\u00e9 concernant la tour r\u00e9sidentielle n'est pas propri\u00e9t\u00e9 de la soci\u00e9t\u00e9 et n'est pas sous son contr\u00f4le. La ligne rouge du tramway qui figure sur une partie des images le long de la rue Jabotinsky est pr\u00e9vue pour \u00eatre souterraine \u00e0 cet endroit.\n\t\t<\/p>\n\t<\/div>\n<\/div>\n<div class=\"form-bottom\">\n\t<div data-id=\"group-logo1\" data-orig_data_id=\"group-logo1\"  data-class=\"wpcf7cf_group\">\n\t\t<p class=\"form-logo form-logo1\"><img decoding=\"async\" src=\"http:\/\/xchange.co.il\/wp-content\/uploads\/2020\/11\/LOGOS-he2.png\" \/><a href=\"tel:*2422\" class=\"tel\"><img decoding=\"async\" src=\"https:\/\/xchange.co.il\/wp-content\/uploads\/2020\/11\/24222-300x225.png\" style=\"max-width:80px;\" \/><\/a>\n\t\t<\/p>\n\t<\/div>\n\t<div data-id=\"group-logo2\" data-orig_data_id=\"group-logo2\"  data-class=\"wpcf7cf_group\">\n\t\t<p class=\"form-logo form-logo2\"><img decoding=\"async\" src=\"https:\/\/xchange.co.il\/wp-content\/uploads\/2020\/10\/logo-migdal_white_he-02-02-2.svg\" style=\"max-width:80px;\" \/><a href=\"tel:*8918\" class=\"tel\"><img decoding=\"async\" src=\"https:\/\/xchange.co.il\/wp-content\/uploads\/2024\/10\/8918-300x225.png\" style=\"max-width:80px;\" \/><\/a>\n\t\t<\/p>\n\t<\/div>\n\t<div data-id=\"group-logo3\" data-orig_data_id=\"group-logo3\"  data-class=\"wpcf7cf_group\">\n\t\t<p class=\"form-logo form-logo3\"><img decoding=\"async\" src=\"http:\/\/xchange.co.il\/wp-content\/uploads\/2020\/11\/LOGOS-he2.png\" \/><img decoding=\"async\" src=\"https:\/\/xchange.co.il\/wp-content\/uploads\/2020\/10\/logo-migdal_white_he-02-02-2.svg\" \/><a href=\"tel:*2422\" class=\"tel\"><img decoding=\"async\" src=\"https:\/\/xchange.co.il\/wp-content\/uploads\/2020\/11\/24222-300x225.png\" style=\"max-width:80px;\" \/><\/a>\n\t\t<\/p>\n\t<\/div>\n<\/div><div class=\"wpcf7-response-output\" aria-hidden=\"true\"><\/div>\n<\/form>\n<\/div>\n<\/div>\n\t\t\t\t<\/div>\n\t\t\t\t<\/div>\n\t\t\t\t<div class=\"elementor-element elementor-element-64cebfd elementor-widget elementor-widget-text-editor\" data-id=\"64cebfd\" data-element_type=\"widget\" data-widget_type=\"text-editor.default\">\n\t\t\t\t<div class=\"elementor-widget-container\">\n\t\t\t\t\t\t\t<p dir=\"ltr\"><span style=\"color: #ffffff;\"><a style=\"color: #ffffff;\" href=\"http:\/\/brave.co.il\/\" target=\"_blank\" rel=\"noopener\">Created by <img decoding=\"async\" class=\"alignnone size-full wp-image-831\" style=\"max-width: 40px; margin-bottom: -1px; margin-left: 3px;\" src=\"https:\/\/xchange.co.il\/wp-content\/uploads\/2020\/11\/logo-brave.svg\" alt=\"\" \/><\/a><\/span><\/p>\t\t\t\t\t\t<\/div>\n\t\t\t\t<\/div>\n\t\t\t\t\t<\/div>\n\t\t<\/div>\n\t\t\t\t\t<\/div>\n\t\t<\/section>\n\t\t\t\t\t<\/div>\n\t\t<\/div>\n\t\t\t\t\t<\/div>\n\t\t<\/section>\n\t\t\t\t<\/div>\n\t\t","protected":false},"excerpt":{"rendered":"<p>Le projet phare de la r\u00e9volution urbaine de Ramat Gan a \u00e9t\u00e9 cr\u00e9\u00e9 pour vous. Laissez-nous vos coordonn\u00e9es et nous serons heureux de revenir vers vous avec une proposition personnalis\u00e9e. Created by<\/p>\n","protected":false},"author":1,"featured_media":0,"parent":0,"menu_order":0,"comment_status":"closed","ping_status":"closed","template":"","meta":{"footnotes":""},"yoast_head":"<!-- This site is optimized with the Yoast SEO plugin v22.2 - https:\/\/yoast.com\/wordpress\/plugins\/seo\/ -->\n<title>Contactez-nous - EXCHANGE RAMAT GAN<\/title>\n<meta name=\"robots\" content=\"index, follow, max-snippet:-1, max-image-preview:large, max-video-preview:-1\" \/>\n<link rel=\"canonical\" href=\"https:\/\/xchange.co.il\/fr\/contactez-nous\/\" \/>\n<meta property=\"og:locale\" content=\"fr_FR\" \/>\n<meta property=\"og:type\" content=\"article\" \/>\n<meta property=\"og:title\" content=\"Contactez-nous - EXCHANGE RAMAT GAN\" \/>\n<meta property=\"og:description\" content=\"Le projet phare de la r\u00e9volution urbaine de Ramat Gan a \u00e9t\u00e9 cr\u00e9\u00e9 pour vous. Laissez-nous vos coordonn\u00e9es et nous serons heureux de revenir vers vous avec une proposition personnalis\u00e9e. Created by\" \/>\n<meta property=\"og:url\" content=\"https:\/\/xchange.co.il\/fr\/contactez-nous\/\" \/>\n<meta property=\"og:site_name\" content=\"EXCHANGE RAMAT GAN\" \/>\n<meta property=\"article:modified_time\" content=\"2021-01-17T18:59:55+00:00\" \/>\n<meta property=\"og:image\" content=\"https:\/\/xchange.co.il\/wp-content\/uploads\/2020\/11\/logo-brave.svg\" \/>\n<meta name=\"twitter:card\" content=\"summary_large_image\" \/>\n<meta name=\"twitter:label1\" content=\"Dur\u00e9e de lecture estim\u00e9e\" \/>\n\t<meta name=\"twitter:data1\" content=\"3 minutes\" \/>\n<script type=\"application\/ld+json\" class=\"yoast-schema-graph\">{\"@context\":\"https:\/\/schema.org\",\"@graph\":[{\"@type\":\"WebPage\",\"@id\":\"https:\/\/xchange.co.il\/fr\/contactez-nous\/\",\"url\":\"https:\/\/xchange.co.il\/fr\/contactez-nous\/\",\"name\":\"Contactez-nous - EXCHANGE RAMAT GAN\",\"isPartOf\":{\"@id\":\"https:\/\/xchange.co.il\/#website\"},\"primaryImageOfPage\":{\"@id\":\"https:\/\/xchange.co.il\/fr\/contactez-nous\/#primaryimage\"},\"image\":{\"@id\":\"https:\/\/xchange.co.il\/fr\/contactez-nous\/#primaryimage\"},\"thumbnailUrl\":\"https:\/\/xchange.co.il\/wp-content\/uploads\/2020\/11\/logo-brave.svg\",\"datePublished\":\"2020-10-27T09:30:49+00:00\",\"dateModified\":\"2021-01-17T18:59:55+00:00\",\"breadcrumb\":{\"@id\":\"https:\/\/xchange.co.il\/fr\/contactez-nous\/#breadcrumb\"},\"inLanguage\":\"fr-FR\",\"potentialAction\":[{\"@type\":\"ReadAction\",\"target\":[\"https:\/\/xchange.co.il\/fr\/contactez-nous\/\"]}]},{\"@type\":\"ImageObject\",\"inLanguage\":\"fr-FR\",\"@id\":\"https:\/\/xchange.co.il\/fr\/contactez-nous\/#primaryimage\",\"url\":\"https:\/\/xchange.co.il\/wp-content\/uploads\/2020\/11\/logo-brave.svg\",\"contentUrl\":\"https:\/\/xchange.co.il\/wp-content\/uploads\/2020\/11\/logo-brave.svg\"},{\"@type\":\"BreadcrumbList\",\"@id\":\"https:\/\/xchange.co.il\/fr\/contactez-nous\/#breadcrumb\",\"itemListElement\":[{\"@type\":\"ListItem\",\"position\":1,\"name\":\"\u05d3\u05e3 \u05d4\u05d1\u05d9\u05ea\",\"item\":\"https:\/\/xchange.co.il\/fr\/home-page\/\"},{\"@type\":\"ListItem\",\"position\":2,\"name\":\"Contactez-nous\"}]},{\"@type\":\"WebSite\",\"@id\":\"https:\/\/xchange.co.il\/#website\",\"url\":\"https:\/\/xchange.co.il\/\",\"name\":\"EXCHANGE RAMAT GAN\",\"description\":\"\u05de\u05ea\u05d7\u05dd \u05d4\u05d1\u05d5\u05e8\u05e1\u05d4 \u05d4\u05d7\u05d3\u05e9 \u05e2\u05d5\u05de\u05d3 \u05dc\u05e9\u05e0\u05d5\u05ea \u05d0\u05ea \u05d7\u05d9\u05d9\u05db\u05dd\",\"potentialAction\":[{\"@type\":\"SearchAction\",\"target\":{\"@type\":\"EntryPoint\",\"urlTemplate\":\"https:\/\/xchange.co.il\/?s={search_term_string}\"},\"query-input\":\"required name=search_term_string\"}],\"inLanguage\":\"fr-FR\"}]}<\/script>\n<!-- \/ Yoast SEO plugin. -->","yoast_head_json":{"title":"Contactez-nous - EXCHANGE RAMAT GAN","robots":{"index":"index","follow":"follow","max-snippet":"max-snippet:-1","max-image-preview":"max-image-preview:large","max-video-preview":"max-video-preview:-1"},"canonical":"https:\/\/xchange.co.il\/fr\/contactez-nous\/","og_locale":"fr_FR","og_type":"article","og_title":"Contactez-nous - EXCHANGE RAMAT GAN","og_description":"Le projet phare de la r\u00e9volution urbaine de Ramat Gan a \u00e9t\u00e9 cr\u00e9\u00e9 pour vous. Laissez-nous vos coordonn\u00e9es et nous serons heureux de revenir vers vous avec une proposition personnalis\u00e9e. Created by","og_url":"https:\/\/xchange.co.il\/fr\/contactez-nous\/","og_site_name":"EXCHANGE RAMAT GAN","article_modified_time":"2021-01-17T18:59:55+00:00","og_image":[{"url":"https:\/\/xchange.co.il\/wp-content\/uploads\/2020\/11\/logo-brave.svg"}],"twitter_card":"summary_large_image","twitter_misc":{"Dur\u00e9e de lecture estim\u00e9e":"3 minutes"},"schema":{"@context":"https:\/\/schema.org","@graph":[{"@type":"WebPage","@id":"https:\/\/xchange.co.il\/fr\/contactez-nous\/","url":"https:\/\/xchange.co.il\/fr\/contactez-nous\/","name":"Contactez-nous - EXCHANGE RAMAT GAN","isPartOf":{"@id":"https:\/\/xchange.co.il\/#website"},"primaryImageOfPage":{"@id":"https:\/\/xchange.co.il\/fr\/contactez-nous\/#primaryimage"},"image":{"@id":"https:\/\/xchange.co.il\/fr\/contactez-nous\/#primaryimage"},"thumbnailUrl":"https:\/\/xchange.co.il\/wp-content\/uploads\/2020\/11\/logo-brave.svg","datePublished":"2020-10-27T09:30:49+00:00","dateModified":"2021-01-17T18:59:55+00:00","breadcrumb":{"@id":"https:\/\/xchange.co.il\/fr\/contactez-nous\/#breadcrumb"},"inLanguage":"fr-FR","potentialAction":[{"@type":"ReadAction","target":["https:\/\/xchange.co.il\/fr\/contactez-nous\/"]}]},{"@type":"ImageObject","inLanguage":"fr-FR","@id":"https:\/\/xchange.co.il\/fr\/contactez-nous\/#primaryimage","url":"https:\/\/xchange.co.il\/wp-content\/uploads\/2020\/11\/logo-brave.svg","contentUrl":"https:\/\/xchange.co.il\/wp-content\/uploads\/2020\/11\/logo-brave.svg"},{"@type":"BreadcrumbList","@id":"https:\/\/xchange.co.il\/fr\/contactez-nous\/#breadcrumb","itemListElement":[{"@type":"ListItem","position":1,"name":"\u05d3\u05e3 \u05d4\u05d1\u05d9\u05ea","item":"https:\/\/xchange.co.il\/fr\/home-page\/"},{"@type":"ListItem","position":2,"name":"Contactez-nous"}]},{"@type":"WebSite","@id":"https:\/\/xchange.co.il\/#website","url":"https:\/\/xchange.co.il\/","name":"EXCHANGE RAMAT GAN","description":"\u05de\u05ea\u05d7\u05dd \u05d4\u05d1\u05d5\u05e8\u05e1\u05d4 \u05d4\u05d7\u05d3\u05e9 \u05e2\u05d5\u05de\u05d3 \u05dc\u05e9\u05e0\u05d5\u05ea \u05d0\u05ea \u05d7\u05d9\u05d9\u05db\u05dd","potentialAction":[{"@type":"SearchAction","target":{"@type":"EntryPoint","urlTemplate":"https:\/\/xchange.co.il\/?s={search_term_string}"},"query-input":"required name=search_term_string"}],"inLanguage":"fr-FR"}]}},"_links":{"self":[{"href":"https:\/\/xchange.co.il\/fr\/wp-json\/wp\/v2\/pages\/2933"}],"collection":[{"href":"https:\/\/xchange.co.il\/fr\/wp-json\/wp\/v2\/pages"}],"about":[{"href":"https:\/\/xchange.co.il\/fr\/wp-json\/wp\/v2\/types\/page"}],"author":[{"embeddable":true,"href":"https:\/\/xchange.co.il\/fr\/wp-json\/wp\/v2\/users\/1"}],"replies":[{"embeddable":true,"href":"https:\/\/xchange.co.il\/fr\/wp-json\/wp\/v2\/comments?post=2933"}],"version-history":[{"count":6,"href":"https:\/\/xchange.co.il\/fr\/wp-json\/wp\/v2\/pages\/2933\/revisions"}],"predecessor-version":[{"id":4402,"href":"https:\/\/xchange.co.il\/fr\/wp-json\/wp\/v2\/pages\/2933\/revisions\/4402"}],"wp:attachment":[{"href":"https:\/\/xchange.co.il\/fr\/wp-json\/wp\/v2\/media?parent=2933"}],"curies":[{"name":"wp","href":"https:\/\/api.w.org\/{rel}","templated":true}]}}