{"id":2914,"date":"2020-11-04T14:14:26","date_gmt":"2020-11-04T14:14:26","guid":{"rendered":"https:\/\/xchange.co.il\/david-lebenthal-type-d\/"},"modified":"2021-01-16T00:11:05","modified_gmt":"2021-01-16T00:11:05","slug":"david-lebenthal-type-d","status":"publish","type":"page","link":"https:\/\/xchange.co.il\/fr\/david-lebenthal-type-d\/","title":{"rendered":"DAVID LEBENTHAL- TYPE D"},"content":{"rendered":"\t\t<div data-elementor-type=\"wp-page\" data-elementor-id=\"2914\" class=\"elementor elementor-2914 elementor-1070\">\n\t\t\t\t\t\t<section class=\"elementor-section elementor-top-section elementor-element elementor-element-0f55713 elementor-section-full_width elementor-section-height-full elementor-section-items-stretch elementor-section-height-default\" data-id=\"0f55713\" data-element_type=\"section\">\n\t\t\t\t\t\t<div class=\"elementor-container elementor-column-gap-no\">\n\t\t\t\t\t<div class=\"elementor-column elementor-col-100 elementor-top-column elementor-element elementor-element-6daa66f\" data-id=\"6daa66f\" data-element_type=\"column\">\n\t\t\t<div class=\"elementor-widget-wrap elementor-element-populated\">\n\t\t\t\t\t\t<div class=\"elementor-element elementor-element-ba82274 centered-title elementor-widget__width-initial elementor-absolute elementor-invisible elementor-widget elementor-widget-text-editor\" data-id=\"ba82274\" data-element_type=\"widget\" data-settings=\"{&quot;_animation&quot;:&quot;fadeInUp&quot;,&quot;_position&quot;:&quot;absolute&quot;}\" data-widget_type=\"text-editor.default\">\n\t\t\t\t<div class=\"elementor-widget-container\">\n\t\t\t\t\t\t\t<p>DAVID LEBENTHAL<\/p><p>TYPE D<\/p>\t\t\t\t\t\t<\/div>\n\t\t\t\t<\/div>\n\t\t\t\t<div class=\"elementor-element elementor-element-4b0b013 fullPage-slider elementor--h-position-center elementor--v-position-middle elementor-pagination-position-inside elementor-widget elementor-widget-slides\" data-id=\"4b0b013\" data-element_type=\"widget\" data-settings=\"{&quot;navigation&quot;:&quot;dots&quot;,&quot;autoplay&quot;:&quot;yes&quot;,&quot;autoplay_speed&quot;:5000,&quot;infinite&quot;:&quot;yes&quot;,&quot;transition&quot;:&quot;slide&quot;,&quot;transition_speed&quot;:500}\" data-widget_type=\"slides.default\">\n\t\t\t\t<div class=\"elementor-widget-container\">\n\t\t\t\t\t<div class=\"elementor-swiper\">\n\t\t\t<div class=\"elementor-slides-wrapper elementor-main-swiper swiper-container\" dir=\"ltr\" data-animation=\"fadeInUp\">\n\t\t\t\t<div class=\"swiper-wrapper elementor-slides\">\n\t\t\t\t\t\t\t\t\t\t<div class=\"elementor-repeater-item-c47f2e6 swiper-slide\"><div class=\"swiper-slide-bg\"><\/div><div class=\"swiper-slide-inner\" ><div class=\"swiper-slide-contents\"><\/div><\/div><\/div><div class=\"elementor-repeater-item-37f8e59 swiper-slide\"><div class=\"swiper-slide-bg\"><\/div><div class=\"swiper-slide-inner\" ><div class=\"swiper-slide-contents\"><\/div><\/div><\/div><div class=\"elementor-repeater-item-07b576c swiper-slide\"><div class=\"swiper-slide-bg\"><\/div><div class=\"swiper-slide-inner\" ><div class=\"swiper-slide-contents\"><\/div><\/div><\/div>\t\t\t\t<\/div>\n\t\t\t\t\t\t\t\t\t\t\t\t\t\t\t<div class=\"swiper-pagination\"><\/div>\n\t\t\t\t\t\t\t\t\t\t\t\t\t\t\t\t\t<\/div>\n\t\t<\/div>\n\t\t\t\t<\/div>\n\t\t\t\t<\/div>\n\t\t\t\t<div class=\"elementor-element elementor-element-9cfce73 elementor-align-left elementor-widget__width-auto elementor-absolute elementor-widget elementor-widget-button\" data-id=\"9cfce73\" data-element_type=\"widget\" data-settings=\"{&quot;_position&quot;:&quot;absolute&quot;}\" data-widget_type=\"button.default\">\n\t\t\t\t<div class=\"elementor-widget-container\">\n\t\t\t\t\t<div class=\"elementor-button-wrapper\">\n\t\t\t<a class=\"elementor-button elementor-button-link elementor-size-md\" href=\"https:\/\/xchange.co.il\/fr\/dana-oberson-type-d\/\">\n\t\t\t\t\t\t<span class=\"elementor-button-content-wrapper\">\n\t\t\t\t\t\t<span class=\"elementor-button-icon elementor-align-icon-left\">\n\t\t\t\t<i aria-hidden=\"true\" class=\"fas fa-chevron-left\"><\/i>\t\t\t<\/span>\n\t\t\t\t\t\t<span class=\"elementor-button-text\">TYPE D | DANA OBERSON<\/span>\n\t\t<\/span>\n\t\t\t\t\t<\/a>\n\t\t<\/div>\n\t\t\t\t<\/div>\n\t\t\t\t<\/div>\n\t\t\t\t<div class=\"elementor-element elementor-element-085c820 elementor-align-left elementor-widget__width-auto elementor-absolute elementor-widget elementor-widget-button\" data-id=\"085c820\" data-element_type=\"widget\" data-settings=\"{&quot;_position&quot;:&quot;absolute&quot;}\" data-widget_type=\"button.default\">\n\t\t\t\t<div class=\"elementor-widget-container\">\n\t\t\t\t\t<div class=\"elementor-button-wrapper\">\n\t\t\t<a class=\"elementor-button elementor-button-link elementor-size-md\" href=\"https:\/\/xchange.co.il\/fr\/michal-han-type-d\/\">\n\t\t\t\t\t\t<span class=\"elementor-button-content-wrapper\">\n\t\t\t\t\t\t<span class=\"elementor-button-icon elementor-align-icon-right\">\n\t\t\t\t<i aria-hidden=\"true\" class=\"fas fa-chevron-right\"><\/i>\t\t\t<\/span>\n\t\t\t\t\t\t<span class=\"elementor-button-text\">TYPE D | MICHAL HAN<\/span>\n\t\t<\/span>\n\t\t\t\t\t<\/a>\n\t\t<\/div>\n\t\t\t\t<\/div>\n\t\t\t\t<\/div>\n\t\t\t\t\t<\/div>\n\t\t<\/div>\n\t\t\t\t\t<\/div>\n\t\t<\/section>\n\t\t\t\t<section class=\"elementor-section elementor-top-section elementor-element elementor-element-934b56e elementor-section-height-min-height elementor-section-items-stretch elementor-section-boxed elementor-section-height-default\" data-id=\"934b56e\" data-element_type=\"section\">\n\t\t\t\t\t\t<div class=\"elementor-container elementor-column-gap-extended\">\n\t\t\t\t\t<div class=\"elementor-column elementor-col-33 elementor-top-column elementor-element elementor-element-5e42495\" data-id=\"5e42495\" data-element_type=\"column\">\n\t\t\t<div class=\"elementor-widget-wrap elementor-element-populated\">\n\t\t\t\t\t\t<div class=\"elementor-element elementor-element-e0ea331 elementor-position-top elementor-widget elementor-widget-image-box\" data-id=\"e0ea331\" data-element_type=\"widget\" data-widget_type=\"image-box.default\">\n\t\t\t\t<div class=\"elementor-widget-container\">\n\t\t\t<div class=\"elementor-image-box-wrapper\"><figure class=\"elementor-image-box-img\"><a href=\"https:\/\/xchange.co.il\/fr\/david-LEBENTHAL-type-g\/\" tabindex=\"-1\"><img decoding=\"async\" src=\"https:\/\/xchange.co.il\/wp-content\/uploads\/elementor\/thumbs\/808_LEBENTHAL_G_001-oxx9dtggr65bcu1vytkm57tyebg4auf6769c9tzw04.jpg\" title=\"808_LEBENTHAL_G_001\" alt=\"808_LEBENTHAL_G_001\" loading=\"lazy\" \/><\/a><\/figure><div class=\"elementor-image-box-content\"><h3 class=\"elementor-image-box-title\"><a href=\"https:\/\/xchange.co.il\/fr\/david-LEBENTHAL-type-g\/\">TYPE G<\/a><\/h3><p class=\"elementor-image-box-description\">3 pi\u00e8ces<\/p><\/div><\/div>\t\t<\/div>\n\t\t\t\t<\/div>\n\t\t\t\t\t<\/div>\n\t\t<\/div>\n\t\t\t\t<div class=\"elementor-column elementor-col-33 elementor-top-column elementor-element elementor-element-1b37fb8\" data-id=\"1b37fb8\" data-element_type=\"column\">\n\t\t\t<div class=\"elementor-widget-wrap elementor-element-populated\">\n\t\t\t\t\t\t<div class=\"elementor-element elementor-element-6f69d53 elementor-position-top elementor-widget elementor-widget-image-box\" data-id=\"6f69d53\" data-element_type=\"widget\" data-widget_type=\"image-box.default\">\n\t\t\t\t<div class=\"elementor-widget-container\">\n\t\t\t<div class=\"elementor-image-box-wrapper\"><figure class=\"elementor-image-box-img\"><a href=\"https:\/\/xchange.co.il\/fr\/david-LEBENTHAL-type-f\/\" tabindex=\"-1\"><img decoding=\"async\" src=\"https:\/\/xchange.co.il\/wp-content\/uploads\/elementor\/thumbs\/808_LEBENTHAL_F_001-oxx9dk22utsg4qfjhpicga7cggqg5vdutvqhh2dtqc.jpg\" title=\"808_LEBENTHAL_F_001\" alt=\"808_LEBENTHAL_F_001\" loading=\"lazy\" \/><\/a><\/figure><div class=\"elementor-image-box-content\"><h3 class=\"elementor-image-box-title\"><a href=\"https:\/\/xchange.co.il\/fr\/david-LEBENTHAL-type-f\/\">TYPE F<\/a><\/h3><p class=\"elementor-image-box-description\">3 pi\u00e8ces<\/p><\/div><\/div>\t\t<\/div>\n\t\t\t\t<\/div>\n\t\t\t\t\t<\/div>\n\t\t<\/div>\n\t\t\t\t<div class=\"elementor-column elementor-col-33 elementor-top-column elementor-element elementor-element-6f25b4b\" data-id=\"6f25b4b\" data-element_type=\"column\">\n\t\t\t<div class=\"elementor-widget-wrap elementor-element-populated\">\n\t\t\t\t\t\t<div class=\"elementor-element elementor-element-b21d508 elementor-position-top elementor-widget elementor-widget-image-box\" data-id=\"b21d508\" data-element_type=\"widget\" data-widget_type=\"image-box.default\">\n\t\t\t\t<div class=\"elementor-widget-container\">\n\t\t\t<div class=\"elementor-image-box-wrapper\"><figure class=\"elementor-image-box-img\"><a href=\"https:\/\/xchange.co.il\/fr\/david-LEBENTHAL-type-e\/\" tabindex=\"-1\"><img decoding=\"async\" src=\"https:\/\/xchange.co.il\/wp-content\/uploads\/elementor\/thumbs\/808_LEBENTHAL_E_001-oxx9danoyhfkwmt70lg2rckqim0s0wcjgl7moarrgk.jpg\" title=\"808_LEBENTHAL_E_001\" alt=\"808_LEBENTHAL_E_001\" loading=\"lazy\" \/><\/a><\/figure><div class=\"elementor-image-box-content\"><h3 class=\"elementor-image-box-title\"><a href=\"https:\/\/xchange.co.il\/fr\/david-LEBENTHAL-type-e\/\">TYPE E <\/a><\/h3><p class=\"elementor-image-box-description\">3 pi\u00e8ces<\/p><\/div><\/div>\t\t<\/div>\n\t\t\t\t<\/div>\n\t\t\t\t\t<\/div>\n\t\t<\/div>\n\t\t\t\t\t<\/div>\n\t\t<\/section>\n\t\t\t\t<\/div>\n\t\t","protected":false},"excerpt":{"rendered":"<p>DAVID LEBENTHAL TYPE D TYPE D | DANA OBERSON TYPE D | MICHAL HAN TYPE G 3 pi\u00e8ces TYPE F 3 pi\u00e8ces TYPE E 3 pi\u00e8ces<\/p>\n","protected":false},"author":1,"featured_media":0,"parent":0,"menu_order":0,"comment_status":"closed","ping_status":"closed","template":"","meta":{"footnotes":""},"yoast_head":"<!-- This site is optimized with the Yoast SEO plugin v22.2 - https:\/\/yoast.com\/wordpress\/plugins\/seo\/ -->\n<title>DAVID LEBENTHAL- TYPE D - EXCHANGE RAMAT GAN<\/title>\n<meta name=\"robots\" content=\"index, follow, max-snippet:-1, max-image-preview:large, max-video-preview:-1\" \/>\n<link rel=\"canonical\" href=\"https:\/\/xchange.co.il\/fr\/david-lebenthal-type-d\/\" \/>\n<meta property=\"og:locale\" content=\"fr_FR\" \/>\n<meta property=\"og:type\" content=\"article\" \/>\n<meta property=\"og:title\" content=\"DAVID LEBENTHAL- TYPE D - EXCHANGE RAMAT GAN\" \/>\n<meta property=\"og:description\" content=\"DAVID LEBENTHAL TYPE D TYPE D | DANA OBERSON TYPE D | MICHAL HAN TYPE G 3 pi\u00e8ces TYPE F 3 pi\u00e8ces TYPE E 3 pi\u00e8ces\" \/>\n<meta property=\"og:url\" content=\"https:\/\/xchange.co.il\/fr\/david-lebenthal-type-d\/\" \/>\n<meta property=\"og:site_name\" content=\"EXCHANGE RAMAT GAN\" \/>\n<meta property=\"article:modified_time\" content=\"2021-01-16T00:11:05+00:00\" \/>\n<meta property=\"og:image\" content=\"https:\/\/xchange.co.il\/wp-content\/uploads\/elementor\/thumbs\/808_LEBENTHAL_G_001-oxx9dueay06log0itbz8pplezpbhijiwjawtr3yhtw.jpg\" \/>\n<meta name=\"twitter:card\" content=\"summary_large_image\" \/>\n<meta name=\"twitter:label1\" content=\"Dur\u00e9e de lecture estim\u00e9e\" \/>\n\t<meta name=\"twitter:data1\" content=\"1 minute\" \/>\n<script type=\"application\/ld+json\" class=\"yoast-schema-graph\">{\"@context\":\"https:\/\/schema.org\",\"@graph\":[{\"@type\":\"WebPage\",\"@id\":\"https:\/\/xchange.co.il\/fr\/david-lebenthal-type-d\/\",\"url\":\"https:\/\/xchange.co.il\/fr\/david-lebenthal-type-d\/\",\"name\":\"DAVID LEBENTHAL- TYPE D - EXCHANGE RAMAT GAN\",\"isPartOf\":{\"@id\":\"https:\/\/xchange.co.il\/#website\"},\"primaryImageOfPage\":{\"@id\":\"https:\/\/xchange.co.il\/fr\/david-lebenthal-type-d\/#primaryimage\"},\"image\":{\"@id\":\"https:\/\/xchange.co.il\/fr\/david-lebenthal-type-d\/#primaryimage\"},\"thumbnailUrl\":\"https:\/\/xchange.co.il\/wp-content\/uploads\/elementor\/thumbs\/808_LEBENTHAL_G_001-oxx9dueay06log0itbz8pplezpbhijiwjawtr3yhtw.jpg\",\"datePublished\":\"2020-11-04T14:14:26+00:00\",\"dateModified\":\"2021-01-16T00:11:05+00:00\",\"breadcrumb\":{\"@id\":\"https:\/\/xchange.co.il\/fr\/david-lebenthal-type-d\/#breadcrumb\"},\"inLanguage\":\"fr-FR\",\"potentialAction\":[{\"@type\":\"ReadAction\",\"target\":[\"https:\/\/xchange.co.il\/fr\/david-lebenthal-type-d\/\"]}]},{\"@type\":\"ImageObject\",\"inLanguage\":\"fr-FR\",\"@id\":\"https:\/\/xchange.co.il\/fr\/david-lebenthal-type-d\/#primaryimage\",\"url\":\"https:\/\/xchange.co.il\/wp-content\/uploads\/elementor\/thumbs\/808_LEBENTHAL_G_001-oxx9dueay06log0itbz8pplezpbhijiwjawtr3yhtw.jpg\",\"contentUrl\":\"https:\/\/xchange.co.il\/wp-content\/uploads\/elementor\/thumbs\/808_LEBENTHAL_G_001-oxx9dueay06log0itbz8pplezpbhijiwjawtr3yhtw.jpg\"},{\"@type\":\"BreadcrumbList\",\"@id\":\"https:\/\/xchange.co.il\/fr\/david-lebenthal-type-d\/#breadcrumb\",\"itemListElement\":[{\"@type\":\"ListItem\",\"position\":1,\"name\":\"\u05d3\u05e3 \u05d4\u05d1\u05d9\u05ea\",\"item\":\"https:\/\/xchange.co.il\/fr\/home-page\/\"},{\"@type\":\"ListItem\",\"position\":2,\"name\":\"DAVID LEBENTHAL- TYPE D\"}]},{\"@type\":\"WebSite\",\"@id\":\"https:\/\/xchange.co.il\/#website\",\"url\":\"https:\/\/xchange.co.il\/\",\"name\":\"EXCHANGE RAMAT GAN\",\"description\":\"\u05de\u05ea\u05d7\u05dd \u05d4\u05d1\u05d5\u05e8\u05e1\u05d4 \u05d4\u05d7\u05d3\u05e9 \u05e2\u05d5\u05de\u05d3 \u05dc\u05e9\u05e0\u05d5\u05ea \u05d0\u05ea \u05d7\u05d9\u05d9\u05db\u05dd\",\"potentialAction\":[{\"@type\":\"SearchAction\",\"target\":{\"@type\":\"EntryPoint\",\"urlTemplate\":\"https:\/\/xchange.co.il\/?s={search_term_string}\"},\"query-input\":\"required name=search_term_string\"}],\"inLanguage\":\"fr-FR\"}]}<\/script>\n<!-- \/ Yoast SEO plugin. -->","yoast_head_json":{"title":"DAVID LEBENTHAL- TYPE D - EXCHANGE RAMAT GAN","robots":{"index":"index","follow":"follow","max-snippet":"max-snippet:-1","max-image-preview":"max-image-preview:large","max-video-preview":"max-video-preview:-1"},"canonical":"https:\/\/xchange.co.il\/fr\/david-lebenthal-type-d\/","og_locale":"fr_FR","og_type":"article","og_title":"DAVID LEBENTHAL- TYPE D - EXCHANGE RAMAT GAN","og_description":"DAVID LEBENTHAL TYPE D TYPE D | DANA OBERSON TYPE D | MICHAL HAN TYPE G 3 pi\u00e8ces TYPE F 3 pi\u00e8ces TYPE E 3 pi\u00e8ces","og_url":"https:\/\/xchange.co.il\/fr\/david-lebenthal-type-d\/","og_site_name":"EXCHANGE RAMAT GAN","article_modified_time":"2021-01-16T00:11:05+00:00","og_image":[{"url":"https:\/\/xchange.co.il\/wp-content\/uploads\/elementor\/thumbs\/808_LEBENTHAL_G_001-oxx9dueay06log0itbz8pplezpbhijiwjawtr3yhtw.jpg"}],"twitter_card":"summary_large_image","twitter_misc":{"Dur\u00e9e de lecture estim\u00e9e":"1 minute"},"schema":{"@context":"https:\/\/schema.org","@graph":[{"@type":"WebPage","@id":"https:\/\/xchange.co.il\/fr\/david-lebenthal-type-d\/","url":"https:\/\/xchange.co.il\/fr\/david-lebenthal-type-d\/","name":"DAVID LEBENTHAL- TYPE D - EXCHANGE RAMAT GAN","isPartOf":{"@id":"https:\/\/xchange.co.il\/#website"},"primaryImageOfPage":{"@id":"https:\/\/xchange.co.il\/fr\/david-lebenthal-type-d\/#primaryimage"},"image":{"@id":"https:\/\/xchange.co.il\/fr\/david-lebenthal-type-d\/#primaryimage"},"thumbnailUrl":"https:\/\/xchange.co.il\/wp-content\/uploads\/elementor\/thumbs\/808_LEBENTHAL_G_001-oxx9dueay06log0itbz8pplezpbhijiwjawtr3yhtw.jpg","datePublished":"2020-11-04T14:14:26+00:00","dateModified":"2021-01-16T00:11:05+00:00","breadcrumb":{"@id":"https:\/\/xchange.co.il\/fr\/david-lebenthal-type-d\/#breadcrumb"},"inLanguage":"fr-FR","potentialAction":[{"@type":"ReadAction","target":["https:\/\/xchange.co.il\/fr\/david-lebenthal-type-d\/"]}]},{"@type":"ImageObject","inLanguage":"fr-FR","@id":"https:\/\/xchange.co.il\/fr\/david-lebenthal-type-d\/#primaryimage","url":"https:\/\/xchange.co.il\/wp-content\/uploads\/elementor\/thumbs\/808_LEBENTHAL_G_001-oxx9dueay06log0itbz8pplezpbhijiwjawtr3yhtw.jpg","contentUrl":"https:\/\/xchange.co.il\/wp-content\/uploads\/elementor\/thumbs\/808_LEBENTHAL_G_001-oxx9dueay06log0itbz8pplezpbhijiwjawtr3yhtw.jpg"},{"@type":"BreadcrumbList","@id":"https:\/\/xchange.co.il\/fr\/david-lebenthal-type-d\/#breadcrumb","itemListElement":[{"@type":"ListItem","position":1,"name":"\u05d3\u05e3 \u05d4\u05d1\u05d9\u05ea","item":"https:\/\/xchange.co.il\/fr\/home-page\/"},{"@type":"ListItem","position":2,"name":"DAVID LEBENTHAL- TYPE D"}]},{"@type":"WebSite","@id":"https:\/\/xchange.co.il\/#website","url":"https:\/\/xchange.co.il\/","name":"EXCHANGE RAMAT GAN","description":"\u05de\u05ea\u05d7\u05dd \u05d4\u05d1\u05d5\u05e8\u05e1\u05d4 \u05d4\u05d7\u05d3\u05e9 \u05e2\u05d5\u05de\u05d3 \u05dc\u05e9\u05e0\u05d5\u05ea \u05d0\u05ea \u05d7\u05d9\u05d9\u05db\u05dd","potentialAction":[{"@type":"SearchAction","target":{"@type":"EntryPoint","urlTemplate":"https:\/\/xchange.co.il\/?s={search_term_string}"},"query-input":"required name=search_term_string"}],"inLanguage":"fr-FR"}]}},"_links":{"self":[{"href":"https:\/\/xchange.co.il\/fr\/wp-json\/wp\/v2\/pages\/2914"}],"collection":[{"href":"https:\/\/xchange.co.il\/fr\/wp-json\/wp\/v2\/pages"}],"about":[{"href":"https:\/\/xchange.co.il\/fr\/wp-json\/wp\/v2\/types\/page"}],"author":[{"embeddable":true,"href":"https:\/\/xchange.co.il\/fr\/wp-json\/wp\/v2\/users\/1"}],"replies":[{"embeddable":true,"href":"https:\/\/xchange.co.il\/fr\/wp-json\/wp\/v2\/comments?post=2914"}],"version-history":[{"count":7,"href":"https:\/\/xchange.co.il\/fr\/wp-json\/wp\/v2\/pages\/2914\/revisions"}],"predecessor-version":[{"id":3266,"href":"https:\/\/xchange.co.il\/fr\/wp-json\/wp\/v2\/pages\/2914\/revisions\/3266"}],"wp:attachment":[{"href":"https:\/\/xchange.co.il\/fr\/wp-json\/wp\/v2\/media?parent=2914"}],"curies":[{"name":"wp","href":"https:\/\/api.w.org\/{rel}","templated":true}]}}